{"id":43,"date":"2022-05-18T08:36:29","date_gmt":"2022-05-18T06:36:29","guid":{"rendered":"https:\/\/www.queenshead.se\/?page_id=43"},"modified":"2025-07-31T16:21:01","modified_gmt":"2025-07-31T14:21:01","slug":"boka-kallaren","status":"publish","type":"page","link":"https:\/\/www.queenshead.se\/en\/boka-kallaren\/","title":{"rendered":"The basement"},"content":{"rendered":"<div data-elementor-type=\"wp-page\" data-elementor-id=\"43\" class=\"elementor elementor-43\" data-elementor-post-type=\"page\">\n\t\t\t\t\t\t\t\t\t<section class=\"elementor-section elementor-top-section elementor-element elementor-element-08de1e4 elementor-section-full_width elementor-section-height-default elementor-section-height-default\" data-id=\"08de1e4\" data-element_type=\"section\">\n\t\t\t\t\t\t<div class=\"elementor-container elementor-column-gap-default\">\n\t\t\t\t\t<div class=\"elementor-column elementor-col-100 elementor-top-column elementor-element elementor-element-914e75d\" data-id=\"914e75d\" data-element_type=\"column\" data-settings=\"{&quot;background_background&quot;:&quot;classic&quot;}\">\n\t\t\t<div class=\"elementor-widget-wrap elementor-element-populated\">\n\t\t\t\t\t\t\t\t<section class=\"elementor-section elementor-inner-section elementor-element elementor-element-92998a1 elementor-section-full_width elementor-section-height-min-height elementor-section-height-default\" data-id=\"92998a1\" data-element_type=\"section\">\n\t\t\t\t\t\t<div class=\"elementor-container elementor-column-gap-default\">\n\t\t\t\t\t<div class=\"elementor-column elementor-col-100 elementor-inner-column elementor-element elementor-element-49d0da9\" data-id=\"49d0da9\" data-element_type=\"column\">\n\t\t\t<div class=\"elementor-widget-wrap\">\n\t\t\t\t\t\t\t\t\t<\/div>\n\t\t<\/div>\n\t\t\t\t\t\t\t<\/div>\n\t\t<\/section>\n\t\t\t\t\t<\/div>\n\t\t<\/div>\n\t\t\t\t\t\t\t<\/div>\n\t\t<\/section>\n\t\t\t\t<section class=\"elementor-section elementor-top-section elementor-element elementor-element-11ebb8e elementor-section-full_width centralheader elementor-section-content-middle elementor-section-height-default elementor-section-height-default\" data-id=\"11ebb8e\" data-element_type=\"section\" data-settings=\"{&quot;background_background&quot;:&quot;classic&quot;}\">\n\t\t\t\t\t\t<div class=\"elementor-container elementor-column-gap-default\">\n\t\t\t\t\t<div class=\"elementor-column elementor-col-100 elementor-top-column elementor-element elementor-element-f22f0b1\" data-id=\"f22f0b1\" data-element_type=\"column\" data-settings=\"{&quot;background_background&quot;:&quot;classic&quot;}\">\n\t\t\t<div class=\"elementor-widget-wrap elementor-element-populated\">\n\t\t\t\t\t<div class=\"elementor-background-overlay\"><\/div>\n\t\t\t\t\t\t\t\t<section class=\"elementor-section elementor-inner-section elementor-element elementor-element-58e70db elementor-section-boxed elementor-section-height-default elementor-section-height-default\" data-id=\"58e70db\" data-element_type=\"section\">\n\t\t\t\t\t\t<div class=\"elementor-container elementor-column-gap-default\">\n\t\t\t\t\t<div class=\"elementor-column elementor-col-100 elementor-inner-column elementor-element elementor-element-90df417\" data-id=\"90df417\" data-element_type=\"column\">\n\t\t\t<div class=\"elementor-widget-wrap elementor-element-populated\">\n\t\t\t\t\t\t\t\t<div class=\"elementor-element elementor-element-72a2d52 elementor-widget elementor-widget-heading\" data-id=\"72a2d52\" data-element_type=\"widget\" data-widget_type=\"heading.default\">\n\t\t\t\t<div class=\"elementor-widget-container\">\n\t\t\t<style>\/*! elementor - v3.17.0 - 25-10-2023 *\/\n.elementor-heading-title{padding:0;margin:0;line-height:1}.elementor-widget-heading .elementor-heading-title[class*=elementor-size-]>a{color:inherit;font-size:inherit;line-height:inherit}.elementor-widget-heading .elementor-heading-title.elementor-size-small{font-size:15px}.elementor-widget-heading .elementor-heading-title.elementor-size-medium{font-size:19px}.elementor-widget-heading .elementor-heading-title.elementor-size-large{font-size:29px}.elementor-widget-heading .elementor-heading-title.elementor-size-xl{font-size:39px}.elementor-widget-heading .elementor-heading-title.elementor-size-xxl{font-size:59px}<\/style><h1 class=\"elementor-heading-title elementor-size-default\">Book the basement<\/h1>\t\t<\/div>\n\t\t\t\t<\/div>\n\t\t\t\t<div class=\"elementor-element elementor-element-9b6920a elementor-widget__width-initial elementor-widget elementor-widget-text-editor\" data-id=\"9b6920a\" data-element_type=\"widget\" data-widget_type=\"text-editor.default\">\n\t\t\t\t<div class=\"elementor-widget-container\">\n\t\t\t<style>\/*! elementor - v3.17.0 - 25-10-2023 *\/\n.elementor-widget-text-editor.elementor-drop-cap-view-stacked .elementor-drop-cap{background-color:#69727d;color:#fff}.elementor-widget-text-editor.elementor-drop-cap-view-framed .elementor-drop-cap{color:#69727d;border:3px solid;background-color:transparent}.elementor-widget-text-editor:not(.elementor-drop-cap-view-default) .elementor-drop-cap{margin-top:8px}.elementor-widget-text-editor:not(.elementor-drop-cap-view-default) .elementor-drop-cap-letter{width:1em;height:1em}.elementor-widget-text-editor .elementor-drop-cap{float:left;text-align:center;line-height:1;font-size:50px}.elementor-widget-text-editor .elementor-drop-cap-letter{display:inline-block}<\/style>\t\t\t\t<p><span dir=\"ltr\" role=\"presentation\">Deep in the heart of The Queen\u2019s Head lies our unique <\/span><br role=\"presentation\"><span dir=\"ltr\" role=\"presentation\">cellar \u2013 a warm and welcoming space for those who want to gather a group <\/span><br role=\"presentation\"><span dir=\"ltr\" role=\"presentation\">of friends, colleagues or family for something out of the ordinary.<\/span><\/p>\n<p><span dir=\"ltr\" role=\"presentation\">With seating for up to 25 guests, the Basement is perfect for <\/span><br role=\"presentation\"><span dir=\"ltr\" role=\"presentation\">birthdays, farewells, after works, or simply an evening in good company.<\/span><\/p>\n<p><span dir=\"ltr\" role=\"presentation\">Here, you\u2019ll get the feeling of having the entire pub to yourselves \u2013 while still enjoying the neighborhood\u2019s<\/span><br role=\"presentation\"><span dir=\"ltr\" role=\"presentation\">best atmosphere within reach.<\/span><\/p>\n<p><strong><span dir=\"ltr\" role=\"presentation\">We offer:<\/span><\/strong><\/p>\n<p><span dir=\"ltr\" role=\"presentation\">Space for 15\u201325 people<\/span><br role=\"presentation\"><span dir=\"ltr\" role=\"presentation\">Pre-ordered food according to your preferences<\/span><br role=\"presentation\"><span dir=\"ltr\" role=\"presentation\">Drinks can easily be ordered at the bar<\/span><br role=\"presentation\"><span dir=\"ltr\" role=\"presentation\">Possibility to tailor the evening \u2013 from music to decorations<\/span><\/p><p><strong><span dir=\"ltr\" role=\"presentation\">Get in touch with us with your preferred date, requests, and number of guests, and we\u2019ll put together <\/span><\/strong><br role=\"presentation\"><strong><span dir=\"ltr\" role=\"presentation\">a proposal that suits you.<\/span><\/strong><\/p>\n<p><\/p>\n<p>info@queenshead.se<\/p>\t\t\t\t\t\t<\/div>\n\t\t\t\t<\/div>\n\t\t\t\t\t<\/div>\n\t\t<\/div>\n\t\t\t\t\t\t\t<\/div>\n\t\t<\/section>\n\t\t\t\t\t<\/div>\n\t\t<\/div>\n\t\t\t\t\t\t\t<\/div>\n\t\t<\/section>\n\t\t\t\t\t\t\t<\/div>","protected":false},"excerpt":{"rendered":"<p>Boka K\u00e4llaren Djupt inne i hj\u00e4rtat av The Queen\u2019s Head g\u00f6mmer sig v\u00e5r karakt\u00e4rsfulla k\u00e4llare \u2013 en varm och v\u00e4lkomnande plats f\u00f6r dig som vill samla ett g\u00e4ng v\u00e4nner, kollegor eller familj f\u00f6r n\u00e5got extra. Med plats f\u00f6r upp till 25 sittande g\u00e4ster \u00e4r K\u00e4llaren perfekt f\u00f6r f\u00f6delsedagar, avtackningar, after works eller bara en kv\u00e4ll [&hellip;]<\/p>","protected":false},"author":1,"featured_media":0,"parent":0,"menu_order":0,"comment_status":"closed","ping_status":"closed","template":"","meta":{"_seopress_robots_primary_cat":"","footnotes":""},"Pagecategories":[],"class_list":["post-43","page","type-page","status-publish","hentry"],"meta_box":[],"_links":{"self":[{"href":"https:\/\/www.queenshead.se\/en\/wp-json\/wp\/v2\/pages\/43","targetHints":{"allow":["GET"]}}],"collection":[{"href":"https:\/\/www.queenshead.se\/en\/wp-json\/wp\/v2\/pages"}],"about":[{"href":"https:\/\/www.queenshead.se\/en\/wp-json\/wp\/v2\/types\/page"}],"author":[{"embeddable":true,"href":"https:\/\/www.queenshead.se\/en\/wp-json\/wp\/v2\/users\/1"}],"replies":[{"embeddable":true,"href":"https:\/\/www.queenshead.se\/en\/wp-json\/wp\/v2\/comments?post=43"}],"version-history":[{"count":14,"href":"https:\/\/www.queenshead.se\/en\/wp-json\/wp\/v2\/pages\/43\/revisions"}],"predecessor-version":[{"id":1156,"href":"https:\/\/www.queenshead.se\/en\/wp-json\/wp\/v2\/pages\/43\/revisions\/1156"}],"wp:attachment":[{"href":"https:\/\/www.queenshead.se\/en\/wp-json\/wp\/v2\/media?parent=43"}],"wp:term":[{"taxonomy":"Pagecategories","embeddable":true,"href":"https:\/\/www.queenshead.se\/en\/wp-json\/wp\/v2\/Pagecategories?post=43"}],"curies":[{"name":"wp","href":"https:\/\/api.w.org\/{rel}","templated":true}]}}