{"id":285,"date":"2022-05-18T14:02:07","date_gmt":"2022-05-18T12:02:07","guid":{"rendered":"https:\/\/www.queenshead.se\/?page_id=285"},"modified":"2026-03-12T16:45:53","modified_gmt":"2026-03-12T15:45:53","slug":"huvudratter","status":"publish","type":"page","link":"https:\/\/www.queenshead.se\/en\/huvudratter\/","title":{"rendered":"Main courses"},"content":{"rendered":"<div data-elementor-type=\"wp-page\" data-elementor-id=\"285\" class=\"elementor elementor-285\" data-elementor-post-type=\"page\">\n\t\t\t\t\t\t\t\t\t<section class=\"elementor-section elementor-top-section elementor-element elementor-element-e925d82 elementor-section-full_width elementor-section-height-default elementor-section-height-default\" data-id=\"e925d82\" data-element_type=\"section\">\n\t\t\t\t\t\t<div class=\"elementor-container elementor-column-gap-default\">\n\t\t\t\t\t<div class=\"elementor-column elementor-col-100 elementor-top-column elementor-element elementor-element-dd8ad77\" data-id=\"dd8ad77\" data-element_type=\"column\" data-settings=\"{&quot;background_background&quot;:&quot;classic&quot;}\">\n\t\t\t<div class=\"elementor-widget-wrap elementor-element-populated\">\n\t\t\t\t\t\t\t\t<section class=\"elementor-section elementor-inner-section elementor-element elementor-element-6aeae23 elementor-section-full_width elementor-section-height-min-height elementor-section-height-default\" data-id=\"6aeae23\" data-element_type=\"section\">\n\t\t\t\t\t\t<div class=\"elementor-container elementor-column-gap-default\">\n\t\t\t\t\t<div class=\"elementor-column elementor-col-100 elementor-inner-column elementor-element elementor-element-d7fa835\" data-id=\"d7fa835\" data-element_type=\"column\">\n\t\t\t<div class=\"elementor-widget-wrap\">\n\t\t\t\t\t\t\t\t\t<\/div>\n\t\t<\/div>\n\t\t\t\t\t\t\t<\/div>\n\t\t<\/section>\n\t\t\t\t\t<\/div>\n\t\t<\/div>\n\t\t\t\t\t\t\t<\/div>\n\t\t<\/section>\n\t\t\t\t<section class=\"elementor-section elementor-top-section elementor-element elementor-element-6609552 elementor-section-full_width centralheader elementor-section-content-middle elementor-section-height-default elementor-section-height-default\" data-id=\"6609552\" data-element_type=\"section\" data-settings=\"{&quot;background_background&quot;:&quot;classic&quot;}\">\n\t\t\t\t\t\t<div class=\"elementor-container elementor-column-gap-default\">\n\t\t\t\t\t<div class=\"elementor-column elementor-col-100 elementor-top-column elementor-element elementor-element-bf147a7\" data-id=\"bf147a7\" data-element_type=\"column\" data-settings=\"{&quot;background_background&quot;:&quot;classic&quot;}\">\n\t\t\t<div class=\"elementor-widget-wrap elementor-element-populated\">\n\t\t\t\t\t<div class=\"elementor-background-overlay\"><\/div>\n\t\t\t\t\t\t\t\t<section class=\"elementor-section elementor-inner-section elementor-element elementor-element-12863b9 elementor-section-boxed elementor-section-height-default elementor-section-height-default\" data-id=\"12863b9\" data-element_type=\"section\">\n\t\t\t\t\t\t<div class=\"elementor-container elementor-column-gap-default\">\n\t\t\t\t\t<div class=\"elementor-column elementor-col-100 elementor-inner-column elementor-element elementor-element-ea7c8c8\" data-id=\"ea7c8c8\" data-element_type=\"column\">\n\t\t\t<div class=\"elementor-widget-wrap elementor-element-populated\">\n\t\t\t\t\t\t\t\t<div class=\"elementor-element elementor-element-99a92ec elementor-nav-menu__align-center elementor-nav-menu--dropdown-none elementor-widget__width-inherit elementor-widget elementor-widget-nav-menu\" data-id=\"99a92ec\" data-element_type=\"widget\" data-settings=\"{&quot;layout&quot;:&quot;horizontal&quot;,&quot;submenu_icon&quot;:{&quot;value&quot;:&quot;&lt;i class=\\&quot;fas fa-caret-down\\&quot;&gt;&lt;\\\/i&gt;&quot;,&quot;library&quot;:&quot;fa-solid&quot;}}\" data-widget_type=\"nav-menu.default\">\n\t\t\t\t<div class=\"elementor-widget-container\">\n\t\t\t<link rel=\"stylesheet\" href=\"https:\/\/www.queenshead.se\/wp-content\/plugins\/elementor-pro\/assets\/css\/widget-nav-menu.min.css\">\t\t\t<nav class=\"elementor-nav-menu--main elementor-nav-menu__container elementor-nav-menu--layout-horizontal e--pointer-framed e--animation-fade\">\n\t\t\t\t<ul id=\"menu-1-99a92ec\" class=\"elementor-nav-menu\"><li class=\"menu-item menu-item-type-post_type menu-item-object-page menu-item-294\"><a href=\"https:\/\/www.queenshead.se\/en\/snacksforratt\/\" class=\"elementor-item\">Snacks \/ Appetizers<\/a><\/li>\n<li class=\"menu-item menu-item-type-post_type menu-item-object-page menu-item-293\"><a href=\"https:\/\/www.queenshead.se\/en\/huvudratter\/\" class=\"elementor-item\">Main courses<\/a><\/li>\n<li class=\"menu-item menu-item-type-post_type menu-item-object-page menu-item-292\"><a href=\"https:\/\/www.queenshead.se\/en\/dessert\/\" class=\"elementor-item\">Dessert<\/a><\/li>\n<\/ul>\t\t\t<\/nav>\n\t\t\t\t\t\t<nav class=\"elementor-nav-menu--dropdown elementor-nav-menu__container\" aria-hidden=\"true\">\n\t\t\t\t<ul id=\"menu-2-99a92ec\" class=\"elementor-nav-menu\"><li class=\"menu-item menu-item-type-post_type menu-item-object-page menu-item-294\"><a href=\"https:\/\/www.queenshead.se\/en\/snacksforratt\/\" class=\"elementor-item\" tabindex=\"-1\">Snacks \/ Appetizers<\/a><\/li>\n<li class=\"menu-item menu-item-type-post_type menu-item-object-page menu-item-293\"><a href=\"https:\/\/www.queenshead.se\/en\/huvudratter\/\" class=\"elementor-item\" tabindex=\"-1\">Main courses<\/a><\/li>\n<li class=\"menu-item menu-item-type-post_type menu-item-object-page menu-item-292\"><a href=\"https:\/\/www.queenshead.se\/en\/dessert\/\" class=\"elementor-item\" tabindex=\"-1\">Dessert<\/a><\/li>\n<\/ul>\t\t\t<\/nav>\n\t\t\t\t<\/div>\n\t\t\t\t<\/div>\n\t\t\t\t<div class=\"elementor-element elementor-element-57994f5 elementor-widget__width-initial elementor-widget elementor-widget-text-editor\" data-id=\"57994f5\" data-element_type=\"widget\" data-widget_type=\"text-editor.default\">\n\t\t\t\t<div class=\"elementor-widget-container\">\n\t\t\t<style>\/*! elementor - v3.17.0 - 25-10-2023 *\/\n.elementor-widget-text-editor.elementor-drop-cap-view-stacked .elementor-drop-cap{background-color:#69727d;color:#fff}.elementor-widget-text-editor.elementor-drop-cap-view-framed .elementor-drop-cap{color:#69727d;border:3px solid;background-color:transparent}.elementor-widget-text-editor:not(.elementor-drop-cap-view-default) .elementor-drop-cap{margin-top:8px}.elementor-widget-text-editor:not(.elementor-drop-cap-view-default) .elementor-drop-cap-letter{width:1em;height:1em}.elementor-widget-text-editor .elementor-drop-cap{float:left;text-align:center;line-height:1;font-size:50px}.elementor-widget-text-editor .elementor-drop-cap-letter{display:inline-block}<\/style>\t\t\t\t<p><strong>Queens Head\u2019s smash burger<\/strong><br \/>2 x 70g beef patties with cheddar cheese, roman sallad, pickled jalape\u00f1os and hamburger dressing.<br \/>Served with fries, coleslaw, and garlic mayonnaise.\u00a0<br \/>219 SEK<\/p><p>Available both as vegetarian and as vegan.<br \/>Add extra meat +40kr<\/p><p><strong>Fish \u00b4n chips<\/strong><br \/>Beer battered haddock served with fries, tartar sauce and pea sallad. <br \/>219 SEK<br \/>Add extra fish for +40kr<\/p><p><strong>Schnitzel\u00a0<\/strong><br \/>Breaded pork schnitzel<br \/>served with cold potato salad,<br \/>pickled cucumber, and lemon and chili butter.<\/p><p>219 SEK<\/p><p><strong>Bangers and mash\u00a0<\/strong><br \/>Pork sausages seasoned with sage and white pepper.<\/p><p>Served with mashed potatoes, onion gravy and peas.<br \/>grovkornig senap och \u00e4rtor.<\/p><p>229 SEK<\/p><p><strong>Entrecote<\/strong><\/p><p>250 gram Entrecote from Uruguay.<br \/>Served with bacon-wrapped green beans,<br \/>lemon and chili butter, tomato salad,<br \/>fries and red wine sauce.\u00a0<\/p><p>379 SEK<\/p><p><strong>Cauliflower<\/strong><\/p><p>Served with lemon chili butter, avocado hummus, sriracha chick peas and deep fried kale.<br \/>och friterad gr\u00f6nk\u00e5l.\u00a0<\/p><p>209 SEK<\/p><p>Allergic? Talk to our staff and we'll help you out.<\/p>\t\t\t\t\t\t<\/div>\n\t\t\t\t<\/div>\n\t\t\t\t\t<\/div>\n\t\t<\/div>\n\t\t\t\t\t\t\t<\/div>\n\t\t<\/section>\n\t\t\t\t\t<\/div>\n\t\t<\/div>\n\t\t\t\t\t\t\t<\/div>\n\t\t<\/section>\n\t\t\t\t\t\t\t<\/div>","protected":false},"excerpt":{"rendered":"<p>Queens Head&#8217;s smashburgare2 x 70g n\u00f6tk\u00f6tt p\u00e5 potato bun med ost, romansallad, picklad jalape\u00f1o och hamburgerdressing.Serveras med pommes, coleslaw och vitl\u00f6ksmajonn\u00e4s.\u00a0219 kr. Finns b\u00e5de vegetarisk och vegansk med \u00e4rtprotein.L\u00e4gg till extra k\u00f6tt +40 kr Fish \u00b4n chipsBeer battered kolja serverad med pommes, tartars\u00e5s och \u00e4rtsallad. 219 kr.L\u00e4gg till extra fisk +40 kr Schnitzel\u00a0Panerad fl\u00e4skschnitzelserverad med [&hellip;]<\/p>","protected":false},"author":1,"featured_media":0,"parent":0,"menu_order":0,"comment_status":"closed","ping_status":"closed","template":"","meta":{"_seopress_robots_primary_cat":"","footnotes":""},"Pagecategories":[],"class_list":["post-285","page","type-page","status-publish","hentry"],"meta_box":[],"_links":{"self":[{"href":"https:\/\/www.queenshead.se\/en\/wp-json\/wp\/v2\/pages\/285","targetHints":{"allow":["GET"]}}],"collection":[{"href":"https:\/\/www.queenshead.se\/en\/wp-json\/wp\/v2\/pages"}],"about":[{"href":"https:\/\/www.queenshead.se\/en\/wp-json\/wp\/v2\/types\/page"}],"author":[{"embeddable":true,"href":"https:\/\/www.queenshead.se\/en\/wp-json\/wp\/v2\/users\/1"}],"replies":[{"embeddable":true,"href":"https:\/\/www.queenshead.se\/en\/wp-json\/wp\/v2\/comments?post=285"}],"version-history":[{"count":53,"href":"https:\/\/www.queenshead.se\/en\/wp-json\/wp\/v2\/pages\/285\/revisions"}],"predecessor-version":[{"id":1301,"href":"https:\/\/www.queenshead.se\/en\/wp-json\/wp\/v2\/pages\/285\/revisions\/1301"}],"wp:attachment":[{"href":"https:\/\/www.queenshead.se\/en\/wp-json\/wp\/v2\/media?parent=285"}],"wp:term":[{"taxonomy":"Pagecategories","embeddable":true,"href":"https:\/\/www.queenshead.se\/en\/wp-json\/wp\/v2\/Pagecategories?post=285"}],"curies":[{"name":"wp","href":"https:\/\/api.w.org\/{rel}","templated":true}]}}