{"id":28,"date":"2022-05-18T08:30:14","date_gmt":"2022-05-18T06:30:14","guid":{"rendered":"https:\/\/www.queenshead.se\/?page_id=28"},"modified":"2026-03-12T16:34:57","modified_gmt":"2026-03-12T15:34:57","slug":"snacksforratt","status":"publish","type":"page","link":"https:\/\/www.queenshead.se\/en\/snacksforratt\/","title":{"rendered":"Snacks \/ Appetizers"},"content":{"rendered":"<div data-elementor-type=\"wp-page\" data-elementor-id=\"28\" class=\"elementor elementor-28\" data-elementor-post-type=\"page\">\n\t\t\t\t\t\t\t\t\t<section class=\"elementor-section elementor-top-section elementor-element elementor-element-3b804af elementor-section-full_width elementor-section-height-default elementor-section-height-default\" data-id=\"3b804af\" data-element_type=\"section\">\n\t\t\t\t\t\t<div class=\"elementor-container elementor-column-gap-default\">\n\t\t\t\t\t<div class=\"elementor-column elementor-col-100 elementor-top-column elementor-element elementor-element-0275990\" data-id=\"0275990\" data-element_type=\"column\" data-settings=\"{&quot;background_background&quot;:&quot;classic&quot;}\">\n\t\t\t<div class=\"elementor-widget-wrap elementor-element-populated\">\n\t\t\t\t\t\t\t\t<section class=\"elementor-section elementor-inner-section elementor-element elementor-element-3579101 elementor-section-full_width elementor-section-height-min-height elementor-section-height-default\" data-id=\"3579101\" data-element_type=\"section\">\n\t\t\t\t\t\t<div class=\"elementor-container elementor-column-gap-default\">\n\t\t\t\t\t<div class=\"elementor-column elementor-col-100 elementor-inner-column elementor-element elementor-element-f5f1098\" data-id=\"f5f1098\" data-element_type=\"column\">\n\t\t\t<div class=\"elementor-widget-wrap\">\n\t\t\t\t\t\t\t\t\t<\/div>\n\t\t<\/div>\n\t\t\t\t\t\t\t<\/div>\n\t\t<\/section>\n\t\t\t\t\t<\/div>\n\t\t<\/div>\n\t\t\t\t\t\t\t<\/div>\n\t\t<\/section>\n\t\t\t\t<section class=\"elementor-section elementor-top-section elementor-element elementor-element-d1f3799 elementor-section-full_width centralheader elementor-section-content-middle elementor-section-height-default elementor-section-height-default\" data-id=\"d1f3799\" data-element_type=\"section\" data-settings=\"{&quot;background_background&quot;:&quot;classic&quot;}\">\n\t\t\t\t\t\t<div class=\"elementor-container elementor-column-gap-default\">\n\t\t\t\t\t<div class=\"elementor-column elementor-col-100 elementor-top-column elementor-element elementor-element-c9a1b73\" data-id=\"c9a1b73\" data-element_type=\"column\" data-settings=\"{&quot;background_background&quot;:&quot;classic&quot;}\">\n\t\t\t<div class=\"elementor-widget-wrap elementor-element-populated\">\n\t\t\t\t\t<div class=\"elementor-background-overlay\"><\/div>\n\t\t\t\t\t\t\t\t<section class=\"elementor-section elementor-inner-section elementor-element elementor-element-8378bfb elementor-section-boxed elementor-section-height-default elementor-section-height-default\" data-id=\"8378bfb\" data-element_type=\"section\">\n\t\t\t\t\t\t<div class=\"elementor-container elementor-column-gap-default\">\n\t\t\t\t\t<div class=\"elementor-column elementor-col-100 elementor-inner-column elementor-element elementor-element-49defb2\" data-id=\"49defb2\" data-element_type=\"column\">\n\t\t\t<div class=\"elementor-widget-wrap elementor-element-populated\">\n\t\t\t\t\t\t\t\t<div class=\"elementor-element elementor-element-586ddbe elementor-nav-menu__align-center elementor-nav-menu--dropdown-none elementor-widget__width-inherit elementor-widget elementor-widget-nav-menu\" data-id=\"586ddbe\" data-element_type=\"widget\" data-settings=\"{&quot;layout&quot;:&quot;horizontal&quot;,&quot;submenu_icon&quot;:{&quot;value&quot;:&quot;&lt;i class=\\&quot;fas fa-caret-down\\&quot;&gt;&lt;\\\/i&gt;&quot;,&quot;library&quot;:&quot;fa-solid&quot;}}\" data-widget_type=\"nav-menu.default\">\n\t\t\t\t<div class=\"elementor-widget-container\">\n\t\t\t<link rel=\"stylesheet\" href=\"https:\/\/www.queenshead.se\/wp-content\/plugins\/elementor-pro\/assets\/css\/widget-nav-menu.min.css\">\t\t\t<nav class=\"elementor-nav-menu--main elementor-nav-menu__container elementor-nav-menu--layout-horizontal e--pointer-framed e--animation-fade\">\n\t\t\t\t<ul id=\"menu-1-586ddbe\" class=\"elementor-nav-menu\"><li class=\"menu-item menu-item-type-post_type menu-item-object-page menu-item-294\"><a href=\"https:\/\/www.queenshead.se\/en\/snacksforratt\/\" class=\"elementor-item\">Snacks \/ Appetizers<\/a><\/li>\n<li class=\"menu-item menu-item-type-post_type menu-item-object-page menu-item-293\"><a href=\"https:\/\/www.queenshead.se\/en\/huvudratter\/\" class=\"elementor-item\">Main courses<\/a><\/li>\n<li class=\"menu-item menu-item-type-post_type menu-item-object-page menu-item-292\"><a href=\"https:\/\/www.queenshead.se\/en\/dessert\/\" class=\"elementor-item\">Dessert<\/a><\/li>\n<\/ul>\t\t\t<\/nav>\n\t\t\t\t\t\t<nav class=\"elementor-nav-menu--dropdown elementor-nav-menu__container\" aria-hidden=\"true\">\n\t\t\t\t<ul id=\"menu-2-586ddbe\" class=\"elementor-nav-menu\"><li class=\"menu-item menu-item-type-post_type menu-item-object-page menu-item-294\"><a href=\"https:\/\/www.queenshead.se\/en\/snacksforratt\/\" class=\"elementor-item\" tabindex=\"-1\">Snacks \/ Appetizers<\/a><\/li>\n<li class=\"menu-item menu-item-type-post_type menu-item-object-page menu-item-293\"><a href=\"https:\/\/www.queenshead.se\/en\/huvudratter\/\" class=\"elementor-item\" tabindex=\"-1\">Main courses<\/a><\/li>\n<li class=\"menu-item menu-item-type-post_type menu-item-object-page menu-item-292\"><a href=\"https:\/\/www.queenshead.se\/en\/dessert\/\" class=\"elementor-item\" tabindex=\"-1\">Dessert<\/a><\/li>\n<\/ul>\t\t\t<\/nav>\n\t\t\t\t<\/div>\n\t\t\t\t<\/div>\n\t\t\t\t<div class=\"elementor-element elementor-element-067fb73 elementor-widget__width-initial elementor-widget elementor-widget-text-editor\" data-id=\"067fb73\" data-element_type=\"widget\" data-widget_type=\"text-editor.default\">\n\t\t\t\t<div class=\"elementor-widget-container\">\n\t\t\t<style>\/*! elementor - v3.17.0 - 25-10-2023 *\/\n.elementor-widget-text-editor.elementor-drop-cap-view-stacked .elementor-drop-cap{background-color:#69727d;color:#fff}.elementor-widget-text-editor.elementor-drop-cap-view-framed .elementor-drop-cap{color:#69727d;border:3px solid;background-color:transparent}.elementor-widget-text-editor:not(.elementor-drop-cap-view-default) .elementor-drop-cap{margin-top:8px}.elementor-widget-text-editor:not(.elementor-drop-cap-view-default) .elementor-drop-cap-letter{width:1em;height:1em}.elementor-widget-text-editor .elementor-drop-cap{float:left;text-align:center;line-height:1;font-size:50px}.elementor-widget-text-editor .elementor-drop-cap-letter{display:inline-block}<\/style>\t\t\t\t<p><strong>Mac'n'cheese croquettes<\/strong><br \/>3 Mac&#8217;n&#8217;cheese kroketter serverade med vitl\u00f6ksmajonn\u00e4s. <br \/>89 kr f\u00f6r 3 stycken.<br \/>L\u00e4gg till extra kroketter f\u00f6r 30 kr\/styck.\u00a0<\/p><p><strong>Charcuterie plate<\/strong><br \/>K\u00f6tt charcuterier fr\u00e5n Italien.<br \/>Serveras med oliver och cornichons.<br \/>219 kr. L\u00e4gg till grillat levainbr\u00f6d f\u00f6r +30 kr.\u00a0<\/p><p><b>House made hummus\u00a0<\/b><br \/>Hummus med brynt sm\u00f6r, nachochips<br \/>och marconamandlar.<br \/>95 kr.\u00a0<\/p><p><b>Steak tartar\u00a0<\/b><br \/>R\u00e5biff med Parmigiano Reggiano, vitl\u00f6ksmajonn\u00e4s, silverl\u00f6k, dijonsenap, friterad kapris och cornichons. <br \/>1\/2 portion - 135 kr or 1\/1 portion served with fries - 249 kr<\/p><p><strong>Chicken wings<\/strong><br \/>Serveras med selleri<br \/>och v\u00e5r h\u00e4rgjorda Guinness-glaze.<br \/>5 pieces for 109 kr, 8 pieces for 159 kr and 12 pieces for 229 kr<br \/>Add garlic mayo dip +15 kr<\/p><p><strong>Garlic Bread\u00a0<\/strong><br \/>Garlic bread with cream cheese and mozzarella.<br \/>65 kr.<\/p><p><strong>Beer sausage or olives<\/strong><br \/>60 kr.<\/p><p><strong>Fries with garlic mayonnaise<\/strong><br \/>75 kr<\/p><p>Allergic? Talk to our staff and we'll help you out.<\/p>\t\t\t\t\t\t<\/div>\n\t\t\t\t<\/div>\n\t\t\t\t\t<\/div>\n\t\t<\/div>\n\t\t\t\t\t\t\t<\/div>\n\t\t<\/section>\n\t\t\t\t\t<\/div>\n\t\t<\/div>\n\t\t\t\t\t\t\t<\/div>\n\t\t<\/section>\n\t\t\t\t\t\t\t<\/div>","protected":false},"excerpt":{"rendered":"<p>Mac&#8217;n&#8217;cheese kroketter3 Mac&#8217;n&#8217;cheese kroketter serverade med vitl\u00f6ksmajonn\u00e4s. 89 kr f\u00f6r 3 stycken.L\u00e4gg till extra kroketter f\u00f6r 30 kr\/styck.\u00a0 CharktallrikK\u00f6tt charcuterier fr\u00e5n Italien.Serveras med oliver och cornichons.219 kr. L\u00e4gg till grillat levainbr\u00f6d f\u00f6r +30 kr.\u00a0 H\u00e4rgjord hummus\u00a0Hummus med brynt sm\u00f6r, nachochipsoch marconamandlar.95 kr.\u00a0 R\u00e5biff\u00a0R\u00e5biff med Parmigiano Reggiano, vitl\u00f6ksmajonn\u00e4s, silverl\u00f6k, dijonsenap, friterad kapris och cornichons. 1\/2 portion [&hellip;]<\/p>","protected":false},"author":1,"featured_media":0,"parent":0,"menu_order":0,"comment_status":"closed","ping_status":"closed","template":"","meta":{"_seopress_robots_primary_cat":"","footnotes":""},"Pagecategories":[],"class_list":["post-28","page","type-page","status-publish","hentry"],"meta_box":[],"_links":{"self":[{"href":"https:\/\/www.queenshead.se\/en\/wp-json\/wp\/v2\/pages\/28","targetHints":{"allow":["GET"]}}],"collection":[{"href":"https:\/\/www.queenshead.se\/en\/wp-json\/wp\/v2\/pages"}],"about":[{"href":"https:\/\/www.queenshead.se\/en\/wp-json\/wp\/v2\/types\/page"}],"author":[{"embeddable":true,"href":"https:\/\/www.queenshead.se\/en\/wp-json\/wp\/v2\/users\/1"}],"replies":[{"embeddable":true,"href":"https:\/\/www.queenshead.se\/en\/wp-json\/wp\/v2\/comments?post=28"}],"version-history":[{"count":53,"href":"https:\/\/www.queenshead.se\/en\/wp-json\/wp\/v2\/pages\/28\/revisions"}],"predecessor-version":[{"id":1305,"href":"https:\/\/www.queenshead.se\/en\/wp-json\/wp\/v2\/pages\/28\/revisions\/1305"}],"wp:attachment":[{"href":"https:\/\/www.queenshead.se\/en\/wp-json\/wp\/v2\/media?parent=28"}],"wp:term":[{"taxonomy":"Pagecategories","embeddable":true,"href":"https:\/\/www.queenshead.se\/en\/wp-json\/wp\/v2\/Pagecategories?post=28"}],"curies":[{"name":"wp","href":"https:\/\/api.w.org\/{rel}","templated":true}]}}