{"id":1011,"date":"2024-01-31T09:21:48","date_gmt":"2024-01-31T08:21:48","guid":{"rendered":"https:\/\/www.queenshead.se\/?page_id=1011"},"modified":"2026-03-30T09:56:00","modified_gmt":"2026-03-30T07:56:00","slug":"pubquiz","status":"publish","type":"page","link":"https:\/\/www.queenshead.se\/en\/pubquiz\/","title":{"rendered":"Pubquiz"},"content":{"rendered":"<div data-elementor-type=\"wp-page\" data-elementor-id=\"1011\" class=\"elementor elementor-1011\" data-elementor-post-type=\"page\">\n\t\t\t\t\t\t\t\t\t<section class=\"elementor-section elementor-top-section elementor-element elementor-element-ea03bea elementor-section-full_width elementor-section-height-default elementor-section-height-default\" data-id=\"ea03bea\" data-element_type=\"section\">\n\t\t\t\t\t\t<div class=\"elementor-container elementor-column-gap-default\">\n\t\t\t\t\t<div class=\"elementor-column elementor-col-100 elementor-top-column elementor-element elementor-element-60550b9\" data-id=\"60550b9\" data-element_type=\"column\" data-settings=\"{&quot;background_background&quot;:&quot;classic&quot;}\">\n\t\t\t<div class=\"elementor-widget-wrap elementor-element-populated\">\n\t\t\t\t\t\t\t\t<section class=\"elementor-section elementor-inner-section elementor-element elementor-element-7b6105e elementor-section-full_width elementor-section-height-min-height elementor-section-height-default\" data-id=\"7b6105e\" data-element_type=\"section\">\n\t\t\t\t\t\t<div class=\"elementor-container elementor-column-gap-default\">\n\t\t\t\t\t<div class=\"elementor-column elementor-col-100 elementor-inner-column elementor-element elementor-element-d485b79\" data-id=\"d485b79\" data-element_type=\"column\">\n\t\t\t<div class=\"elementor-widget-wrap\">\n\t\t\t\t\t\t\t\t\t<\/div>\n\t\t<\/div>\n\t\t\t\t\t\t\t<\/div>\n\t\t<\/section>\n\t\t\t\t\t<\/div>\n\t\t<\/div>\n\t\t\t\t\t\t\t<\/div>\n\t\t<\/section>\n\t\t\t\t<section class=\"elementor-section elementor-top-section elementor-element elementor-element-cff9cd5 elementor-section-full_width centralheader elementor-section-content-middle elementor-section-height-default elementor-section-height-default\" data-id=\"cff9cd5\" data-element_type=\"section\" data-settings=\"{&quot;background_background&quot;:&quot;classic&quot;}\">\n\t\t\t\t\t\t<div class=\"elementor-container elementor-column-gap-default\">\n\t\t\t\t\t<div class=\"elementor-column elementor-col-100 elementor-top-column elementor-element elementor-element-c637e6b\" data-id=\"c637e6b\" data-element_type=\"column\" data-settings=\"{&quot;background_background&quot;:&quot;classic&quot;}\">\n\t\t\t<div class=\"elementor-widget-wrap elementor-element-populated\">\n\t\t\t\t\t<div class=\"elementor-background-overlay\"><\/div>\n\t\t\t\t\t\t\t\t<section class=\"elementor-section elementor-inner-section elementor-element elementor-element-2eef224 elementor-section-boxed elementor-section-height-default elementor-section-height-default\" data-id=\"2eef224\" data-element_type=\"section\">\n\t\t\t\t\t\t<div class=\"elementor-container elementor-column-gap-default\">\n\t\t\t\t\t<div class=\"elementor-column elementor-col-100 elementor-inner-column elementor-element elementor-element-b5c422b\" data-id=\"b5c422b\" data-element_type=\"column\">\n\t\t\t<div class=\"elementor-widget-wrap elementor-element-populated\">\n\t\t\t\t\t\t\t\t<div class=\"elementor-element elementor-element-5fc18af elementor-widget elementor-widget-heading\" data-id=\"5fc18af\" data-element_type=\"widget\" data-widget_type=\"heading.default\">\n\t\t\t\t<div class=\"elementor-widget-container\">\n\t\t\t<style>\/*! elementor - v3.17.0 - 25-10-2023 *\/\n.elementor-heading-title{padding:0;margin:0;line-height:1}.elementor-widget-heading .elementor-heading-title[class*=elementor-size-]>a{color:inherit;font-size:inherit;line-height:inherit}.elementor-widget-heading .elementor-heading-title.elementor-size-small{font-size:15px}.elementor-widget-heading .elementor-heading-title.elementor-size-medium{font-size:19px}.elementor-widget-heading .elementor-heading-title.elementor-size-large{font-size:29px}.elementor-widget-heading .elementor-heading-title.elementor-size-xl{font-size:39px}.elementor-widget-heading .elementor-heading-title.elementor-size-xxl{font-size:59px}<\/style><h1 class=\"elementor-heading-title elementor-size-default\"><span class=\"elementor-heading-title elementor-size-default\" style=\"caret-color: rgb(0, 0, 0); color: rgb(0, 0, 0); white-space: normal;\"><b>Pubquiz at The Queen's Head<\/b><\/span><\/h1>\t\t<\/div>\n\t\t\t\t<\/div>\n\t\t\t\t<div class=\"elementor-element elementor-element-439dea4 elementor-widget elementor-widget-text-editor\" data-id=\"439dea4\" data-element_type=\"widget\" data-widget_type=\"text-editor.default\">\n\t\t\t\t<div class=\"elementor-widget-container\">\n\t\t\t<style>\/*! elementor - v3.17.0 - 25-10-2023 *\/\n.elementor-widget-text-editor.elementor-drop-cap-view-stacked .elementor-drop-cap{background-color:#69727d;color:#fff}.elementor-widget-text-editor.elementor-drop-cap-view-framed .elementor-drop-cap{color:#69727d;border:3px solid;background-color:transparent}.elementor-widget-text-editor:not(.elementor-drop-cap-view-default) .elementor-drop-cap{margin-top:8px}.elementor-widget-text-editor:not(.elementor-drop-cap-view-default) .elementor-drop-cap-letter{width:1em;height:1em}.elementor-widget-text-editor .elementor-drop-cap{float:left;text-align:center;line-height:1;font-size:50px}.elementor-widget-text-editor .elementor-drop-cap-letter{display:inline-block}<\/style>\t\t\t\t<div id=\"message-list_1742933549.477189\" class=\"c-virtual_list__item\" tabindex=\"-1\" role=\"listitem\" aria-setsize=\"-1\" data-qa=\"virtual-list-item\" data-item-key=\"1742933549.477189\"><div class=\"c-message_kit__background c-message_kit__background--hovered p-message_pane_message__message c-message_kit__message\" role=\"presentation\" data-qa=\"message_container\" data-qa-unprocessed=\"false\" data-qa-placeholder=\"false\"><div class=\"c-message_kit__hover c-message_kit__hover--hovered\" role=\"document\" aria-roledescription=\"message\" data-qa-hover=\"true\"><div class=\"c-message_kit__actions c-message_kit__actions--above\"><div class=\"c-message_kit__gutter\"><div class=\"c-message_kit__gutter__right\" role=\"presentation\" data-qa=\"message_content\"><div class=\"c-message_kit__blocks c-message_kit__blocks--rich_text\"><div class=\"c-message__message_blocks c-message__message_blocks--rich_text\" data-qa=\"message-text\"><div class=\"p-block_kit_renderer\" data-qa=\"block-kit-renderer\"><div class=\"p-block_kit_renderer__block_wrapper p-block_kit_renderer__block_wrapper--first\"><div class=\"p-rich_text_block\" dir=\"auto\"><div class=\"elementor-element elementor-element-aeaf24c elementor-hidden-mobile elementor-widget elementor-widget-heading\" data-id=\"aeaf24c\" data-element_type=\"widget\" data-widget_type=\"heading.default\"><div class=\"elementor-widget-container\"><p><span style=\"font-size: 16px;\">Bring your friends and enjoy our popular quiz nights - filled with laughter, team spirit and something tasty to drink. <\/span><\/p><p><b style=\"font-size: 16px;\">The quiz is held every Monday at Drottninggatan 108.<\/b><\/p><\/div><div class=\"elementor-widget-container\"><strong style=\"font-size: 16px;\" data-start=\"228\" data-end=\"262\">The dates for this seasons quiz nights:<\/strong><\/div><\/div><\/div><div class=\"p-rich_text_block\" dir=\"auto\"><div class=\"p-rich_text_section\"><strong data-start=\"228\" data-end=\"262\">30\/3 \u2022 13\/4 \u2022 20\/4 \u2022 27\/4 \u2022 4\/5 \u2022 11\/5 \u2022 18\/5 \u2022 25\/5<\/strong><\/div><div>\u00a0<\/div><div class=\"p-rich_text_section\"><b>Time: <\/b>18:00-21:00<\/div><div>\u00a0<\/div><div class=\"p-rich_text_section\"><strong data-start=\"316\" data-end=\"325\">To book:<\/strong>\u00a0Email us at\u00a0<a href=\"mailto:info@queenshead.se\"><strong data-start=\"339\" data-end=\"361\">info@queenshead.se<\/strong><\/a> to book a table for your team.\n\nThe quiz is in swedish, but we will happily help you guys translate our questions.<\/div><div>\u00a0<\/div><div class=\"p-rich_text_section\">Follow us on <a href=\"https:\/\/www.facebook.com\/queensheadstockholm\">Facebook<\/a> for more information about our quizzes.<\/div><\/div><\/div><\/div><\/div><\/div><\/div><\/div><\/div><\/div><\/div><\/div>\t\t\t\t\t\t<\/div>\n\t\t\t\t<\/div>\n\t\t\t\t\t<\/div>\n\t\t<\/div>\n\t\t\t\t\t\t\t<\/div>\n\t\t<\/section>\n\t\t\t\t\t<\/div>\n\t\t<\/div>\n\t\t\t\t\t\t\t<\/div>\n\t\t<\/section>\n\t\t\t\t\t\t\t<\/div>","protected":false},"excerpt":{"rendered":"<p>Pubquiz p\u00e5 Queen\u2019s Head! Ta med g\u00e4nget p\u00e5 v\u00e5ra popul\u00e4ra quizkv\u00e4ll \u2013 fylld med skratt, laganda och n\u00e5got gott i glaset. Quizet h\u00e5lls varje m\u00e5ndag p\u00e5 Drottninggatan 108. Datum f\u00f6r s\u00e4songens quizkv\u00e4llar:30\/3 \u2022 13\/4 \u2022 20\/4 \u2022 27\/4 \u2022 4\/5 \u2022 11\/5 \u2022 18\/5 \u2022 25\/5\u00a0Tid: kl. 18.00\u201321.00\u00a0Boka:\u00a0Maila oss p\u00e5\u00a0info@queenshead.se f\u00f6r att boka ditt lag.\u00a0F\u00f6lj [&hellip;]<\/p>","protected":false},"author":2,"featured_media":0,"parent":0,"menu_order":0,"comment_status":"closed","ping_status":"closed","template":"","meta":{"_seopress_robots_primary_cat":"","footnotes":""},"Pagecategories":[],"class_list":["post-1011","page","type-page","status-publish","hentry"],"meta_box":[],"_links":{"self":[{"href":"https:\/\/www.queenshead.se\/en\/wp-json\/wp\/v2\/pages\/1011","targetHints":{"allow":["GET"]}}],"collection":[{"href":"https:\/\/www.queenshead.se\/en\/wp-json\/wp\/v2\/pages"}],"about":[{"href":"https:\/\/www.queenshead.se\/en\/wp-json\/wp\/v2\/types\/page"}],"author":[{"embeddable":true,"href":"https:\/\/www.queenshead.se\/en\/wp-json\/wp\/v2\/users\/2"}],"replies":[{"embeddable":true,"href":"https:\/\/www.queenshead.se\/en\/wp-json\/wp\/v2\/comments?post=1011"}],"version-history":[{"count":55,"href":"https:\/\/www.queenshead.se\/en\/wp-json\/wp\/v2\/pages\/1011\/revisions"}],"predecessor-version":[{"id":1333,"href":"https:\/\/www.queenshead.se\/en\/wp-json\/wp\/v2\/pages\/1011\/revisions\/1333"}],"wp:attachment":[{"href":"https:\/\/www.queenshead.se\/en\/wp-json\/wp\/v2\/media?parent=1011"}],"wp:term":[{"taxonomy":"Pagecategories","embeddable":true,"href":"https:\/\/www.queenshead.se\/en\/wp-json\/wp\/v2\/Pagecategories?post=1011"}],"curies":[{"name":"wp","href":"https:\/\/api.w.org\/{rel}","templated":true}]}}